{"id":1189,"date":"2021-06-25T16:03:12","date_gmt":"2021-06-25T16:03:12","guid":{"rendered":"https:\/\/viviendu.com\/blog\/?page_id=1189"},"modified":"2021-12-05T09:18:40","modified_gmt":"2021-12-05T09:18:40","slug":"preguntas-frecuentes-casas-prefabricadas","status":"publish","type":"page","link":"https:\/\/viviendu.com\/blog\/preguntas-frecuentes-casas-prefabricadas\/","title":{"rendered":"Preguntas frecuentes sobre casas prefabricadas"},"content":{"rendered":"\n<p>Consulta la wiki de&nbsp;<strong>preguntas y respuestas sobre casas prefabricadas<\/strong>&nbsp;de Viviendu y descubre la informaci\u00f3n m\u00e1s relevante sobre este tipo de viviendas. Encuentra respuesta a todas las<strong> preguntas sobre casas de madera<\/strong>, <strong>casa modulares<\/strong>, <strong>viviendas m\u00f3viles<\/strong>&#8230;<\/p>\n\n\n\n<p>Cuando hayas resuelto todas tus dudas puedes pedir presupuesto en Viviendu y&nbsp;<strong>contactar directamente con los fabricantes l\u00edderes de casas prefabricadas<\/strong>.<\/p>\n\n\n\n<h2 class=\"has-text-align-center wp-block-heading\">FAQ Casas Prefabricadas y Viviendas M\u00f3viles<\/h2>\n\n\n<section id=\"blog-post\" class=\"padding-128-b w-100 mt-5\">\t<div class=\"container\">\t\t\t<div id=\"post-list\" class=\"row\">\t\t\t\t<div class=\"col-lg-4 text-left margin-32 mb-4 \">\t\t\t\t\t<a href=\"https:\/\/viviendu.com\/blog\/certificados-construccion-ecologica\/\" class=\"post\">\t\t\t\t\t<div class=\"notice-box\">\t\t\t\t\t\t<div class=\"blog-post-img d-flex align-items-end p-4\" style=\"background:#FFFFFF url(https:\/\/viviendu.com\/blog\/wp-content\/uploads\/2022\/03\/tipos_certificaciones_ecologicas.jpg) no-repeat;background-size:cover;background-position:center;position:relative;z-index:1;\">\t\t\t\t\t\t\t<div class=\"post-cont\">\t\t\t\t\t\t\t\t<h5 class=\"notice-category\">Construcci\u00f3n<\/h5>\t\t\t\t\t\t\t\t<h3 class=\"h5 text-white\">\u00bfQu\u00e9 certificados de construcci\u00f3n ecol\u00f3gica hay?<\/h3>\t\t\t\t\t\t\t<\/div>\t\t\t\t\t\t<\/div>\t\t\t\t\t<\/div>\t\t\t\t\t<\/a>\t\t\t\t<\/div>\t\t\t\t<div class=\"col-lg-4 text-left margin-32 mb-4 \">\t\t\t\t\t<a href=\"https:\/\/viviendu.com\/blog\/cuanto-cuesta-vivienda-pasiva\/\" class=\"post\">\t\t\t\t\t<div class=\"notice-box\">\t\t\t\t\t\t<div class=\"blog-post-img d-flex align-items-end p-4\" style=\"background:#FFFFFF url(https:\/\/viviendu.com\/blog\/wp-content\/uploads\/2022\/02\/cuanto_cuesta_Casa_pasiva.jpg) no-repeat;background-size:cover;background-position:center;position:relative;z-index:1;\">\t\t\t\t\t\t\t<div class=\"post-cont\">\t\t\t\t\t\t\t\t<h5 class=\"notice-category\">Casas pasivas<\/h5>\t\t\t\t\t\t\t\t<h3 class=\"h5 text-white\">\u00bfCu\u00e1nto cuesta una casa pasiva?<\/h3>\t\t\t\t\t\t\t<\/div>\t\t\t\t\t\t<\/div>\t\t\t\t\t<\/div>\t\t\t\t\t<\/a>\t\t\t\t<\/div>\t\t\t\t<div class=\"col-lg-4 text-left margin-32 mb-4 \">\t\t\t\t\t<a href=\"https:\/\/viviendu.com\/blog\/que-es-una-casa-pasiva\/\" class=\"post\">\t\t\t\t\t<div class=\"notice-box\">\t\t\t\t\t\t<div class=\"blog-post-img d-flex align-items-end p-4\" style=\"background:#FFFFFF url(https:\/\/viviendu.com\/blog\/wp-content\/uploads\/2022\/02\/que_es_casa_pasiva.jpg) no-repeat;background-size:cover;background-position:center;position:relative;z-index:1;\">\t\t\t\t\t\t\t<div class=\"post-cont\">\t\t\t\t\t\t\t\t<h5 class=\"notice-category\">Casas pasivas<\/h5>\t\t\t\t\t\t\t\t<h3 class=\"h5 text-white\">Qu\u00e9 es una casa pasiva: caracter\u00edsticas y requisitos para conseguir el certificado Passivehouse<\/h3>\t\t\t\t\t\t\t<\/div>\t\t\t\t\t\t<\/div>\t\t\t\t\t<\/div>\t\t\t\t\t<\/a>\t\t\t\t<\/div>\t\t\t\t<div class=\"col-lg-4 text-left margin-32 mb-4 \">\t\t\t\t\t<a href=\"https:\/\/viviendu.com\/blog\/que-es-el-ibi-rustico\/\" class=\"post\">\t\t\t\t\t<div class=\"notice-box\">\t\t\t\t\t\t<div class=\"blog-post-img d-flex align-items-end p-4\" style=\"background:#FFFFFF url(https:\/\/viviendu.com\/blog\/wp-content\/uploads\/2022\/01\/que-es-el-ibi-rustico.jpg) no-repeat;background-size:cover;background-position:center;position:relative;z-index:1;\">\t\t\t\t\t\t\t<div class=\"post-cont\">\t\t\t\t\t\t\t\t<h5 class=\"notice-category\">Construcci\u00f3n<\/h5>\t\t\t\t\t\t\t\t<h3 class=\"h5 text-white\">\u00bfQu\u00e9 es el IBI R\u00fastico?<\/h3>\t\t\t\t\t\t\t<\/div>\t\t\t\t\t\t<\/div>\t\t\t\t\t<\/div>\t\t\t\t\t<\/a>\t\t\t\t<\/div>\t\t\t\t<div class=\"col-lg-4 text-left margin-32 mb-4 \">\t\t\t\t\t<a href=\"https:\/\/viviendu.com\/blog\/licencia-para-instalar-mobil-home\/\" class=\"post\">\t\t\t\t\t<div class=\"notice-box\">\t\t\t\t\t\t<div class=\"blog-post-img d-flex align-items-end p-4\" style=\"background:#FFFFFF url(https:\/\/viviendu.com\/blog\/wp-content\/uploads\/2022\/01\/mobil-home-licencia.jpg) no-repeat;background-size:cover;background-position:center;position:relative;z-index:1;\">\t\t\t\t\t\t\t<div class=\"post-cont\">\t\t\t\t\t\t\t\t<h5 class=\"notice-category\">M\u00f3viles<\/h5>\t\t\t\t\t\t\t\t<h3 class=\"h5 text-white\">Aspectos legales sobre instalar una mobil home<\/h3>\t\t\t\t\t\t\t<\/div>\t\t\t\t\t\t<\/div>\t\t\t\t\t<\/div>\t\t\t\t\t<\/a>\t\t\t\t<\/div>\t\t\t\t<div class=\"col-lg-4 text-left margin-32 mb-4 \">\t\t\t\t\t<a href=\"https:\/\/viviendu.com\/blog\/que-es-suelo-urbano-no-consolidado\/\" class=\"post\">\t\t\t\t\t<div class=\"notice-box\">\t\t\t\t\t\t<div class=\"blog-post-img d-flex align-items-end p-4\" style=\"background:#FFFFFF url(https:\/\/viviendu.com\/blog\/wp-content\/uploads\/2022\/01\/que_es_suelo_urbano_no_consolidado.jpg) no-repeat;background-size:cover;background-position:center;position:relative;z-index:1;\">\t\t\t\t\t\t\t<div class=\"post-cont\">\t\t\t\t\t\t\t\t<h5 class=\"notice-category\">Construcci\u00f3n<\/h5>\t\t\t\t\t\t\t\t<h3 class=\"h5 text-white\">\u00bfQu\u00e9 es suelo urbano no consolidado?<\/h3>\t\t\t\t\t\t\t<\/div>\t\t\t\t\t\t<\/div>\t\t\t\t\t<\/div>\t\t\t\t\t<\/a>\t\t\t\t<\/div>\t\t\t<\/div>\t\t\t<div class=\"row\">\t\t\t\t<div class=\"col-lg-12 mt-5 mb-5 text-center\">\t\t\t\t\t<button id=\"0-load-more-articles\" class=\"btn load-more\" data-cat=\"0\" data-post-descatado=\"\" data-numpost=\"6\">Cargar m\u00e1s articulos<\/button>\t\t\t\t<\/div>\t\t\t<\/div> \t\t\t<div id=\"0-loading-elements\" class=\"text-center mt-1 loading-elements\"><div class=\"lds-ellipsis\"><div><\/div><div><\/div><div><\/div><div><\/div><\/div><\/div>\t<\/div> <\/section>\n\n\n<p>Para&nbsp;<strong>inspirarte y obtener la mejor informaci\u00f3n sobre casas prefabricadas<\/strong>&nbsp;tambi\u00e9n puedes consultar otros recursos disponibles en Viviendu, como la galer\u00eda de fotos de viviendas prefabricadas, la herramienta para <a href=\"https:\/\/viviendu.com\/disena-tu-vivienda-en-3d\/\">dise\u00f1ar viviendas en 3D<\/a> o nuestro <a href=\"https:\/\/viviendu.com\/blog\/\">blog de art\u00edculos<\/a> especializado en todo tipo de viviendas prefabricadas.<\/p>\n","protected":false},"excerpt":{"rendered":"<p>Consulta la wiki de&nbsp;preguntas y respuestas sobre casas prefabricadas&nbsp;de Viviendu y descubre la informaci\u00f3n m\u00e1s relevante sobre este tipo de viviendas. Encuentra respuesta a todas las preguntas sobre casas de madera, casa modulares, viviendas m\u00f3viles&#8230; Cuando hayas resuelto todas tus dudas puedes pedir presupuesto en Viviendu y&nbsp;contactar directamente con los fabricantes l\u00edderes de casas prefabricadas. [&hellip;]<\/p>\n","protected":false},"author":7,"featured_media":1195,"parent":0,"menu_order":0,"comment_status":"closed","ping_status":"closed","template":"","meta":{"_acf_changed":false,"footnotes":""},"class_list":["post-1189","page","type-page","status-publish","has-post-thumbnail","hentry"],"acf":[],"_links":{"self":[{"href":"https:\/\/viviendu.com\/blog\/wp-json\/wp\/v2\/pages\/1189","targetHints":{"allow":["GET"]}}],"collection":[{"href":"https:\/\/viviendu.com\/blog\/wp-json\/wp\/v2\/pages"}],"about":[{"href":"https:\/\/viviendu.com\/blog\/wp-json\/wp\/v2\/types\/page"}],"author":[{"embeddable":true,"href":"https:\/\/viviendu.com\/blog\/wp-json\/wp\/v2\/users\/7"}],"replies":[{"embeddable":true,"href":"https:\/\/viviendu.com\/blog\/wp-json\/wp\/v2\/comments?post=1189"}],"version-history":[{"count":11,"href":"https:\/\/viviendu.com\/blog\/wp-json\/wp\/v2\/pages\/1189\/revisions"}],"predecessor-version":[{"id":2121,"href":"https:\/\/viviendu.com\/blog\/wp-json\/wp\/v2\/pages\/1189\/revisions\/2121"}],"wp:featuredmedia":[{"embeddable":true,"href":"https:\/\/viviendu.com\/blog\/wp-json\/wp\/v2\/media\/1195"}],"wp:attachment":[{"href":"https:\/\/viviendu.com\/blog\/wp-json\/wp\/v2\/media?parent=1189"}],"curies":[{"name":"wp","href":"https:\/\/api.w.org\/{rel}","templated":true}]}}